{"id":7411,"date":"2023-12-07T20:57:52","date_gmt":"2023-12-07T20:57:52","guid":{"rendered":"https:\/\/defensacivil.muniolleroshuarochiri.gob.pe\/web\/?page_id=7411"},"modified":"2023-12-12T15:07:01","modified_gmt":"2023-12-12T15:07:01","slug":"grupodetrabajo","status":"publish","type":"page","link":"https:\/\/defensacivil.muniolleroshuarochiri.gob.pe\/web\/grupodetrabajo\/","title":{"rendered":"Grupo de trabajo"},"content":{"rendered":"<section class=\"wpb-content-wrapper\"><section class=\"l-section wpb_row us_custom_326de118 height_medium\"><div class=\"l-section-h i-cf\"><div class=\"g-cols vc_row type_default valign_top\"><div class=\"vc_col-sm-3 wpb_column vc_column_container\"><div class=\"vc_column-inner\"><div class=\"wpb_wrapper\">[vc_wp_custommenu layout=\u00bbver\u00bb align=\u00bbleft\u00bb font_size=\u00bb\u00bb nav_menu=\u00bb38&#8243;]<\/div><\/div><\/div><div class=\"vc_col-sm-9 wpb_column vc_column_container\"><div class=\"vc_column-inner\"><div class=\"wpb_wrapper\"><div id=\"ultimate-heading-651669f52f290c184\" class=\"uvc-heading ult-adjust-bottom-margin ultimate-heading-651669f52f290c184 uvc-6324 \" data-hspacer=\"no_spacer\"  data-halign=\"center\" style=\"text-align:center\"><div class=\"uvc-heading-spacer no_spacer\" style=\"top\"><\/div><div class=\"uvc-main-heading ult-responsive\"  data-ultimate-target='.uvc-heading.ultimate-heading-651669f52f290c184 h3'  data-responsive-json-new='{\"font-size\":\"\",\"line-height\":\"\"}' ><h3 style=\"font-weight:normal;\">Grupo de Trabajo<\/h3><\/div><\/div>[vc_empty_space]<div class=\"g-cols wpb_row  type_default valign_top vc_inner\"><div class=\"vc_col-sm-12 wpb_column vc_column_container\"><div class=\"vc_column-inner\"><div class=\"wpb_wrapper\"><div id=\"ultimate-heading-15969f52f290c300\" class=\"uvc-heading ult-adjust-bottom-margin ultimate-heading-15969f52f290c300 uvc-8378 \" data-hspacer=\"no_spacer\"  data-halign=\"left\" style=\"text-align:left\"><div class=\"uvc-heading-spacer no_spacer\" style=\"top\"><\/div><div class=\"uvc-sub-heading ult-responsive\"  data-ultimate-target='.uvc-heading.ultimate-heading-15969f52f290c300 .uvc-sub-heading '  data-responsive-json-new='{\"font-size\":\"\",\"line-height\":\"\"}'  style=\"font-weight:normal;\">El Grupo de Trabajo para la Gesti\u00f3n del Riesgo de Desastres (GTGRD)\u00a0es un\u00a0espacio interno de articulaci\u00f3n de las unidades org\u00e1nicas competentes\u00a0en la entidad p\u00fablica, para la formulaci\u00f3n de normas y planes, evaluaci\u00f3n y organizaci\u00f3n de los 07 procesos de la Gesti\u00f3n de Riesgo de Desastres.<\/p>\n<p>El GTGRD de la Municipalidad Distrital de Santo Domingo de los Olleros ha sido reconformado mediante Resoluci\u00f3n de Alcald\u00eda N\u00b0 1, y est\u00e1 constituido de la siguiente manera:<\/div><\/div><\/div><\/div><\/div><\/div>[vc_empty_space][vc_raw_html]JTVCdGFibGUlMjBpZCUzRDI0JTIwJTJGJTVE[\/vc_raw_html][vc_empty_space]<div class=\"wpb_text_column\" ><div class=\"wpb_wrapper\">\n<table id=\"tablepress-25\" class=\"tablepress tablepress-id-25\">\n<thead>\n<tr class=\"row-1 odd\">\n\t<th class=\"column-1\"><\/th><th class=\"column-2\">Resoluci\u00f3n de Alcaldia N\u00b0 323-2023-ACL-MDSDO<\/th><th class=\"column-3\">Descargar<\/th>\n<\/tr>\n<\/thead>\n<tbody class=\"row-hover\">\n<tr class=\"row-2 even\">\n\t<td class=\"column-1\">01<\/td><td class=\"column-2\"><a href=https:\/\/defensacivil.muniolleroshuarochiri.gob.pe\/web\/wp-content\/uploads\/2023\/12\/Grupo-de-trabajo-de-la-gestion-de-riesgos-de-desastre.pdf>GRUPO DE TRABAJO DE LA GESTI\u00d3N DEL RIESGO DE DESASTRES DE LA MUNICIPALIDAD DISTRITAL DE SANTO DOMINGO DE LOS OLLEROS <\/a><\/td><td class=\"column-3\"><br \/>\n<CENTER><a href=\"https:\/\/defensacivil.muniolleroshuarochiri.gob.pe\/web\/wp-content\/uploads\/2023\/12\/Grupo-de-trabajo-de-la-gestion-de-riesgos-de-desastre.pdf\" target=\"_blank\" rel=\"noopener noreferrer\"><img src=\"https:\/\/defensacivil.muniolleroshuarochiri.gob.pe\/web\/wp-content\/uploads\/2023\/02\/icopdf.png\" alt=\"\" width=\"32\" height=\"32\"><\/a><\/CENTER><\/td>\n<\/tr>\n<\/tbody>\n<\/table>\n\n<\/div><\/div><\/div><\/div><\/div><\/div><\/div><\/section>\n<\/section>","protected":false},"excerpt":{"rendered":"[vc_wp_custommenu layout=\"ver\" align=\"left\" font_size=\"\" nav_menu=\"38\"]Grupo de Trabajo[vc_empty_space]El Grupo de Trabajo para la Gesti\u00f3n del Riesgo de Desastres (GTGRD)\u00a0es un\u00a0espacio interno de articulaci\u00f3n de las unidades org\u00e1nicas competentes\u00a0en la entidad p\u00fablica, para la formulaci\u00f3n de normas y planes, evaluaci\u00f3n y organizaci\u00f3n de los 07 procesos de la Gesti\u00f3n de Riesgo de Desastres. El GTGRD de la...","protected":false},"author":1,"featured_media":0,"parent":0,"menu_order":0,"comment_status":"closed","ping_status":"closed","template":"","meta":{"_joinchat":[]},"acf":[],"_links":{"self":[{"href":"https:\/\/defensacivil.muniolleroshuarochiri.gob.pe\/web\/wp-json\/wp\/v2\/pages\/7411"}],"collection":[{"href":"https:\/\/defensacivil.muniolleroshuarochiri.gob.pe\/web\/wp-json\/wp\/v2\/pages"}],"about":[{"href":"https:\/\/defensacivil.muniolleroshuarochiri.gob.pe\/web\/wp-json\/wp\/v2\/types\/page"}],"author":[{"embeddable":true,"href":"https:\/\/defensacivil.muniolleroshuarochiri.gob.pe\/web\/wp-json\/wp\/v2\/users\/1"}],"replies":[{"embeddable":true,"href":"https:\/\/defensacivil.muniolleroshuarochiri.gob.pe\/web\/wp-json\/wp\/v2\/comments?post=7411"}],"version-history":[{"count":10,"href":"https:\/\/defensacivil.muniolleroshuarochiri.gob.pe\/web\/wp-json\/wp\/v2\/pages\/7411\/revisions"}],"predecessor-version":[{"id":7739,"href":"https:\/\/defensacivil.muniolleroshuarochiri.gob.pe\/web\/wp-json\/wp\/v2\/pages\/7411\/revisions\/7739"}],"wp:attachment":[{"href":"https:\/\/defensacivil.muniolleroshuarochiri.gob.pe\/web\/wp-json\/wp\/v2\/media?parent=7411"}],"curies":[{"name":"wp","href":"https:\/\/api.w.org\/{rel}","templated":true}]}}